{"id":833,"date":"2018-05-22T11:30:38","date_gmt":"2018-05-22T09:30:38","guid":{"rendered":"https:\/\/www.zahnarzt-zehrfeld.de\/?page_id=833"},"modified":"2018-05-22T12:15:12","modified_gmt":"2018-05-22T10:15:12","slug":"impressum","status":"publish","type":"page","link":"https:\/\/www.zahnarzt-zehrfeld.de\/index.php\/impressum\/","title":{"rendered":"Impressum"},"content":{"rendered":"<div id=\"dslc-theme-content\"><div id=\"dslc-theme-content-inner\"><p><strong>Angaben gem\u00e4\u00df \u00a7 5 TMG:<\/strong><\/p>\n<p>Zahn\u00e4rztin<br \/>Ines Zehrfeld<\/p>\n<p><strong>Postanschrift:<\/strong><br \/>Muldentalstra\u00dfe 97<br \/>04288 Leipzig<\/p>\n<p><strong>Kontakt:<\/strong><\/p>\n<p>Telefon: 034297 - 42 806<br \/>E-Mail: smile@zahnarzt-zehrfeld.de<\/p>\n<p><strong>Vertreten durch:<\/strong><\/p>\n<p>Ines Zehrfeld<\/p>\n<p><strong>Zust\u00e4ndige Kammer:<\/strong><\/p>\n<p>Landeszahn\u00e4rztekammer Sachsen<\/p>\n<p><strong>Zugelassen f\u00fcr:<\/strong><\/p>\n<p>Deutschland<\/p>\n<p><strong>Berufsrechtlichen Regelungen:<\/strong><\/p>\n<p>https:\/\/www.zahnaerzte-in-sachsen.de\/zahnaerzte\/rechtsgrundlagen\/berufsrecht\/verkauf_regelungen.pdf<\/p>\n<p><strong>Urheberrechtliche Hinweise<\/strong><\/p>\n<p>Fotos: Mirko Schmidt 2016<\/p>\n<p><em>Das Impressum wurde mit dem <a href=\"https:\/\/www.activemind.de\/datenschutz\/impressums-generator\/\">Impressums-Generator der activeMind AG<\/a> erstellt.<\/em><\/p>\n<\/div><\/div>","protected":false},"excerpt":{"rendered":"<p>Angaben gem\u00e4\u00df \u00a7 5 TMG: Zahn\u00e4rztinInes Zehrfeld Postanschrift:Muldentalstra\u00dfe 9704288 Leipzig Kontakt: Telefon: 034297 - 42 806E-Mail: smile@zahnarzt-zehrfeld.de Vertreten durch: Ines Zehrfeld Zust\u00e4ndige Kammer: Landeszahn\u00e4rztekammer Sachsen Zugelassen f\u00fcr: Deutschland Berufsrechtlichen Regelungen:&nbsp;[&hellip;]<\/p>\n","protected":false},"author":1,"featured_media":0,"parent":0,"menu_order":0,"comment_status":"closed","ping_status":"closed","template":"","meta":{"footnotes":""},"class_list":["post-833","page","type-page","status-publish","hentry","clearfix"],"_links":{"self":[{"href":"https:\/\/www.zahnarzt-zehrfeld.de\/index.php\/wp-json\/wp\/v2\/pages\/833","targetHints":{"allow":["GET"]}}],"collection":[{"href":"https:\/\/www.zahnarzt-zehrfeld.de\/index.php\/wp-json\/wp\/v2\/pages"}],"about":[{"href":"https:\/\/www.zahnarzt-zehrfeld.de\/index.php\/wp-json\/wp\/v2\/types\/page"}],"author":[{"embeddable":true,"href":"https:\/\/www.zahnarzt-zehrfeld.de\/index.php\/wp-json\/wp\/v2\/users\/1"}],"replies":[{"embeddable":true,"href":"https:\/\/www.zahnarzt-zehrfeld.de\/index.php\/wp-json\/wp\/v2\/comments?post=833"}],"version-history":[{"count":4,"href":"https:\/\/www.zahnarzt-zehrfeld.de\/index.php\/wp-json\/wp\/v2\/pages\/833\/revisions"}],"predecessor-version":[{"id":841,"href":"https:\/\/www.zahnarzt-zehrfeld.de\/index.php\/wp-json\/wp\/v2\/pages\/833\/revisions\/841"}],"wp:attachment":[{"href":"https:\/\/www.zahnarzt-zehrfeld.de\/index.php\/wp-json\/wp\/v2\/media?parent=833"}],"curies":[{"name":"wp","href":"https:\/\/api.w.org\/{rel}","templated":true}]}}