{"id":904,"date":"2022-10-02T12:15:37","date_gmt":"2022-10-02T10:15:37","guid":{"rendered":"https:\/\/www.zahnarzt-zehrfeld.de\/?page_id=904"},"modified":"2025-10-13T10:40:09","modified_gmt":"2025-10-13T08:40:09","slug":"jobs","status":"publish","type":"page","link":"https:\/\/www.zahnarzt-zehrfeld.de\/index.php\/jobs\/","title":{"rendered":"Gestalten Sie mit uns die Zukunft des L\u00e4chelns und werden Sie Teil unseres Teams!"},"content":{"rendered":"<div id=\"dslc-content\" class=\"dslc-content dslc-clearfix\"><div id=\"dslc-main\">\r\n\t\t\t<div  class=\"dslc-modules-section \" style=\"padding-top:0px;padding-bottom:0px;padding-left:2%;padding-right:2%;background-color:#0098b5;\" data-section-id=\"v270mjgpco\">\r\n\t\t\t\t\r\n\t\t\t\t\r\n\t\t\t\t<div class=\"dslc-modules-section-wrapper dslc-clearfix\"><div  class=\"dslc-modules-area dslc-col dslc-12-col dslc-last-col dslc-valign- \" data-size=\"12\" data-valign=\"\" data-modules-area-id=\"\" ><style type=\"text\/css\" id=\"dslca-modules-area-\"><\/style>\r\n\t\t<div id=\"dslc-module-h4rke20rp5\" class=\"dslc-module-front dslc-module-DSLC_Text_Simple dslc-in-viewport-check dslc-in-viewport-anim-none  dslc-col dslc-8-col  dslc-module-handle-like-regular \" data-module-id=\"h4rke20rp5\" data-module=\"DSLC_Text_Simple\" data-dslc-module-size=\"8\" data-dslc-anim=\"none\" data-dslc-anim-delay=\"0\" data-dslc-anim-duration=\"650\"  data-dslc-anim-easing=\"ease\" data-dslc-preset=\"none\" >\r\n\r\n\t\t\t\r\n\t\t\t\r\n\t\t\n\t\t<div class=\"dslc-text-module-content\">\n\t\t\t<h1>Werden Sie Teil unseres Teams.<\/h1><h2>Gestalten Sie mit uns die Zukunft des L\u00e4chelns.<\/h2>\t\t<\/div>\n\n\t\t\r\n\t\t\t\t<\/div><!-- .dslc-module -->\r\n\t\t<\/div><\/div><\/div>\r\n\t\t\t<div  class=\"dslc-modules-section \" style=\"padding-top:32px;padding-bottom:32px;background-color:#0098b5;\" data-section-id=\"a2f31f984ac\">\r\n\t\t\t\t\r\n\t\t\t\t\r\n\t\t\t\t<div class=\"dslc-modules-section-wrapper dslc-clearfix\"><div  class=\"dslc-modules-area dslc-col dslc-4-col dslc-first-col dslc-valign-undefined \" data-size=\"4\" data-valign=\"undefined\" data-modules-area-id=\"\" ><style type=\"text\/css\" id=\"dslca-modules-area-\"><\/style>\r\n\t\t<div id=\"dslc-module-cef867e55df\" class=\"dslc-module-front dslc-module-DSLC_Image dslc-in-viewport-check dslc-in-viewport-anim-none  dslc-col dslc-12-col dslc-last-col  dslc-module-handle-like-regular \" data-module-id=\"cef867e55df\" data-module=\"DSLC_Image\" data-dslc-module-size=\"12\" data-dslc-anim=\"none\" data-dslc-anim-delay=\"0\" data-dslc-anim-duration=\"650\"  data-dslc-anim-easing=\"ease\" data-dslc-preset=\"none\" >\r\n\r\n\t\t\t\r\n\t\t\t\r\n\t\t\t\t<div class=\"dslc-image-container\">\r\n\t\t<div class=\"dslc-image\">\r\n\r\n\t\t\t\r\n\t\t\t\t\r\n\t\t\t\t\t\t\t\t\t<img src=\"https:\/\/www.zahnarzt-zehrfeld.de\/web\/wp-content\/uploads\/2025\/10\/kollegial.png\" alt=\"\" title=\"\" srcset=\"https:\/\/www.zahnarzt-zehrfeld.de\/web\/wp-content\/uploads\/2025\/10\/kollegial.png 1020w, https:\/\/www.zahnarzt-zehrfeld.de\/web\/wp-content\/uploads\/2025\/10\/kollegial-300x275.png 300w, https:\/\/www.zahnarzt-zehrfeld.de\/web\/wp-content\/uploads\/2025\/10\/kollegial-768x704.png 768w, https:\/\/www.zahnarzt-zehrfeld.de\/web\/wp-content\/uploads\/2025\/10\/kollegial-680x623.png 680w, https:\/\/www.zahnarzt-zehrfeld.de\/web\/wp-content\/uploads\/2025\/10\/kollegial-540x495.png 540w\" sizes=\"(max-width: 1020px) 100vw, 1020px\" \/>\r\n\t\t\t\t\r\n\t\t\t\t\t\t\t\t\t<\/div><!-- .dslc-image -->\r\n\t\t<\/div>\r\n\t\t\r\n\t\t\t\t<\/div><!-- .dslc-module -->\r\n\t\t<\/div><div  class=\"dslc-modules-area dslc-col dslc-8-col dslc-last-col dslc-valign-undefined \" data-size=\"8\" data-valign=\"undefined\" data-modules-area-id=\"\" ><style type=\"text\/css\" id=\"dslca-modules-area-\"><\/style>\r\n\t\t<div id=\"dslc-module-5337677760a\" class=\"dslc-module-front dslc-module-DSLC_Text_Simple dslc-in-viewport-check dslc-in-viewport-anim-none  dslc-col dslc-12-col dslc-last-col  dslc-module-handle-like-regular \" data-module-id=\"5337677760a\" data-module=\"DSLC_Text_Simple\" data-dslc-module-size=\"12\" data-dslc-anim=\"none\" data-dslc-anim-delay=\"0\" data-dslc-anim-duration=\"650\"  data-dslc-anim-easing=\"ease\" data-dslc-preset=\"none\" >\r\n\r\n\t\t\t\r\n\t\t\t\r\n\t\t\n\t\t<div class=\"dslc-text-module-content\">\n\t\t\t<header class=\"entry-header\"><p>Sie suchen nach einer beruflichen Ver\u00e4nderung, bei der Ihre Arbeit wirklich wertgesch\u00e4tzt wird? Sie w\u00fcnschen sich ein Arbeitsumfeld, das von Herzlichkeit, Teamgeist und einer modernen Organisation gepr\u00e4gt ist? In unserer kleinen, modernisierten Zahnarztpraxis finden Sie genau das.<\/p><p>Wir sind auf der Suche nach engagierter Verst\u00e4rkung und laden Sie herzlich ein, uns kennenzulernen. Machen Sie den ersten Schritt in eine berufliche Zukunft, in der Sie sich wohlf\u00fchlen und weiterentwickeln k\u00f6nnen. Wir freuen uns auf Ihre Bewerbung!<\/p><\/header>\t\t<\/div>\n\n\t\t\r\n\t\t\t\t<\/div><!-- .dslc-module -->\r\n\t\t\r\n\t\t<div id=\"dslc-module-bc4b783aacf\" class=\"dslc-module-front dslc-module-DSLC_Button dslc-in-viewport-check dslc-in-viewport-anim-none  dslc-col dslc-12-col dslc-last-col  dslc-module-handle-like-regular \" data-module-id=\"bc4b783aacf\" data-module=\"DSLC_Button\" data-dslc-module-size=\"12\" data-dslc-anim=\"none\" data-dslc-anim-delay=\"0\" data-dslc-anim-duration=\"650\"  data-dslc-anim-easing=\"ease\" data-dslc-preset=\"none\" >\r\n\r\n\t\t\t\r\n\t\t\t\r\n\t\t\r\n\t\t\t<div class=\"dslc-button\">\r\n\t\t\t\t\t\t\t\t\t<a href=\"mailto:smile@zahnarzt-zehrfeld.de\" target=\"_blank\"  onClick=\"\" class=\"\">\r\n\t\t\t\t\t\t\t\t\t\t\t\t\t\t\t\t\t\t\t\t\t<span class=\"dslc-icon dslc-icon-chevron-right\"><\/span>\t\r\n\t\t\t\t\t\t\t\t\t\t\t\t\t\t\t\t\t\t\t\t\t\t\t\t\t\t<span>JETZT BEWERBEN<\/span>\r\n\t\t\t\t\t\t\t\t\t\t\t\t\t\t\t\t\t<\/a>\r\n\t\t\t\t\t\t\t<\/div><!-- .dslc-button -->\r\n\r\n\r\n\t\t\t\t\t\t\r\n\t\t\t\t<\/div><!-- .dslc-module -->\r\n\t\t<\/div><\/div><\/div>\r\n\t\t\t<div  class=\"dslc-modules-section \" style=\"padding-top:0px;padding-bottom:0px;\" data-section-id=\"2edba3b7cc2\">\r\n\t\t\t\t\r\n\t\t\t\t\r\n\t\t\t\t<div class=\"dslc-modules-section-wrapper dslc-clearfix\"><div  class=\"dslc-modules-area dslc-col dslc-12-col dslc-last-col dslc-valign- \" data-size=\"12\" data-valign=\"\" data-modules-area-id=\"\" ><style type=\"text\/css\" id=\"dslca-modules-area-\"><\/style>\r\n\t\t<div id=\"dslc-module-373460b4e6e\" class=\"dslc-module-front dslc-module-DSLC_Text_Simple dslc-in-viewport-check dslc-in-viewport-anim-none  dslc-col dslc-12-col dslc-last-col  dslc-module-handle-like-regular \" data-module-id=\"373460b4e6e\" data-module=\"DSLC_Text_Simple\" data-dslc-module-size=\"12\" data-dslc-anim=\"none\" data-dslc-anim-delay=\"0\" data-dslc-anim-duration=\"650\"  data-dslc-anim-easing=\"ease\" data-dslc-preset=\"none\" >\r\n\r\n\t\t\t\r\n\t\t\t\r\n\t\t\n\t\t<div class=\"dslc-text-module-content\">\n\t\t\t<header class=\"entry-header\"><h2><b>Ihre Chance in unserer Praxis: Wir suchen Verst\u00e4rkung (m\/w\/d)<\/b><\/h2><\/header>\t\t<\/div>\n\n\t\t\r\n\t\t\t\t<\/div><!-- .dslc-module -->\r\n\t\t<\/div><\/div><\/div>\r\n\t\t\t<div  class=\"dslc-modules-section \" style=\"margin-bottom:32px;padding-top:0px;padding-bottom:0px;\" data-section-id=\"5p9actrlhk8\">\r\n\t\t\t\t\r\n\t\t\t\t\r\n\t\t\t\t<div class=\"dslc-modules-section-wrapper dslc-clearfix\"><div  class=\"dslc-modules-area dslc-col dslc-12-col dslc-last-col dslc-valign- \" data-size=\"12\" data-valign=\"\" data-modules-area-id=\"\" ><style type=\"text\/css\" id=\"dslca-modules-area-\"><\/style>\r\n\t\t<div id=\"dslc-module-dolcs6ukut8\" class=\"dslc-module-front dslc-module-DSLC_Text_Simple dslc-in-viewport-check dslc-in-viewport-anim-none  dslc-col dslc-6-col  dslc-module-handle-like-regular \" data-module-id=\"dolcs6ukut8\" data-module=\"DSLC_Text_Simple\" data-dslc-module-size=\"6\" data-dslc-anim=\"none\" data-dslc-anim-delay=\"0\" data-dslc-anim-duration=\"650\"  data-dslc-anim-easing=\"ease\" data-dslc-preset=\"none\" >\r\n\r\n\t\t\t\r\n\t\t\t\r\n\t\t\n\t\t<div class=\"dslc-text-module-content\">\n\t\t\t<header class=\"entry-header\"><p>Wir bieten Ihnen eine Position in <b>Teilzeit oder Vollzeit<\/b> an und hei\u00dfen auch Quereinsteiger herzlich willkommen. Gemeinsam finden wir das passende Modell f\u00fcr Ihre Lebenssituation.<\/p><h3><b>Wir suchen Zahnmedizinische Fachangestellte (ZFA) \/ Zahnmedizinische Prophylaxeassistenten (ZMP)<\/b><\/h3><\/header>\t\t<\/div>\n\n\t\t\r\n\t\t\t\t<\/div><!-- .dslc-module -->\r\n\t\t\r\n\t\t<div id=\"dslc-module-ff1a82i9mr8\" class=\"dslc-module-front dslc-module-DSLC_Image dslc-in-viewport-check dslc-in-viewport-anim-none  dslc-col dslc-4-col  dslc-module-handle-like-regular \" data-module-id=\"ff1a82i9mr8\" data-module=\"DSLC_Image\" data-dslc-module-size=\"4\" data-dslc-anim=\"none\" data-dslc-anim-delay=\"0\" data-dslc-anim-duration=\"650\"  data-dslc-anim-easing=\"ease\" data-dslc-preset=\"none\" >\r\n\r\n\t\t\t\r\n\t\t\t\r\n\t\t\t\t<div class=\"dslc-image-container\">\r\n\t\t<div class=\"dslc-image\">\r\n\r\n\t\t\t\r\n\t\t\t\t\r\n\t\t\t\t\t\t\t\t\t<img src=\"https:\/\/www.zahnarzt-zehrfeld.de\/web\/wp-content\/uploads\/2025\/10\/team.png\" alt=\"\" title=\"\" srcset=\"https:\/\/www.zahnarzt-zehrfeld.de\/web\/wp-content\/uploads\/2025\/10\/team.png 768w, https:\/\/www.zahnarzt-zehrfeld.de\/web\/wp-content\/uploads\/2025\/10\/team-300x300.png 300w, https:\/\/www.zahnarzt-zehrfeld.de\/web\/wp-content\/uploads\/2025\/10\/team-150x150.png 150w, https:\/\/www.zahnarzt-zehrfeld.de\/web\/wp-content\/uploads\/2025\/10\/team-680x680.png 680w, https:\/\/www.zahnarzt-zehrfeld.de\/web\/wp-content\/uploads\/2025\/10\/team-540x540.png 540w\" sizes=\"(max-width: 768px) 100vw, 768px\" \/>\r\n\t\t\t\t\r\n\t\t\t\t\t\t\t\t\t<\/div><!-- .dslc-image -->\r\n\t\t<\/div>\r\n\t\t\r\n\t\t\t\t<\/div><!-- .dslc-module -->\r\n\t\t<\/div><\/div><\/div>\r\n\t\t\t<div  class=\"dslc-modules-section \" style=\"padding-top:48px;padding-bottom:48px;background-color:#ddece6;\" data-section-id=\"v13rhlpkidg\">\r\n\t\t\t\t\r\n\t\t\t\t\r\n\t\t\t\t<div class=\"dslc-modules-section-wrapper dslc-clearfix\"><div  class=\"dslc-modules-area dslc-col dslc-12-col dslc-last-col dslc-valign- \" data-size=\"12\" data-valign=\"\" data-modules-area-id=\"\" ><style type=\"text\/css\" id=\"dslca-modules-area-\"><\/style>\r\n\t\t<div id=\"dslc-module-a5ermdfbumg\" class=\"dslc-module-front dslc-module-DSLC_Text_Simple dslc-in-viewport-check dslc-in-viewport-anim-none  dslc-col dslc-6-col  dslc-module-handle-like-regular \" data-module-id=\"a5ermdfbumg\" data-module=\"DSLC_Text_Simple\" data-dslc-module-size=\"6\" data-dslc-anim=\"none\" data-dslc-anim-delay=\"0\" data-dslc-anim-duration=\"650\"  data-dslc-anim-easing=\"ease\" data-dslc-preset=\"none\" >\r\n\r\n\t\t\t\r\n\t\t\t\r\n\t\t\n\t\t<div class=\"dslc-text-module-content\">\n\t\t\t<header class=\"entry-header\"><p><b>Ihr T\u00e4tigkeitsfeld \u2013 Abwechslung und Verantwortung<\/b><\/p><ul><li><p><b>Behandlungsassistenz:<\/b> Sie unterst\u00fctzen unsere Zahn\u00e4rzte bei einem breiten Spektrum an Behandlungen und sorgen f\u00fcr einen reibungslosen Ablauf.<\/p><\/li><li><p><b>Prophylaxe:<\/b> Sie legen das Fundament f\u00fcr die Zahngesundheit unserer Patienten durch Individualprophylaxe, professionelle Zahnreinigungen und Kariespr\u00e4vention. Als ZMP arbeiten Sie in diesem Bereich besonders selbstst\u00e4ndig.<\/p><\/li><li><p><b>Patientenbetreuung & Rezeption:<\/b> Sie sind der erste freundliche Kontakt f\u00fcr unsere Patienten, koordinieren Termine und tragen ma\u00dfgeblich zu einer positiven Praxiserfahrung bei.<\/p><\/li><li><p><b>Weitere M\u00f6glichkeiten:<\/b> Je nach Ihren St\u00e4rken und Interessen k\u00f6nnen wir weitere Aufgabenbereiche individuell besprechen.<\/p><\/li><\/ul><\/header>\t\t<\/div>\n\n\t\t\r\n\t\t\t\t<\/div><!-- .dslc-module -->\r\n\t\t\r\n\t\t<div id=\"dslc-module-ovk8d7s3tic\" class=\"dslc-module-front dslc-module-DSLC_Text_Simple dslc-in-viewport-check dslc-in-viewport-anim-none  dslc-col dslc-6-col dslc-last-col  dslc-module-handle-like-regular \" data-module-id=\"ovk8d7s3tic\" data-module=\"DSLC_Text_Simple\" data-dslc-module-size=\"6\" data-dslc-anim=\"none\" data-dslc-anim-delay=\"0\" data-dslc-anim-duration=\"650\"  data-dslc-anim-easing=\"ease\" data-dslc-preset=\"none\" >\r\n\r\n\t\t\t\r\n\t\t\t\r\n\t\t\n\t\t<div class=\"dslc-text-module-content\">\n\t\t\t<header class=\"entry-header\"><p><b>Ihr Profil \u2013 was Sie mitbringen<\/b><\/p><ul><li><p>Eine abgeschlossene Ausbildung als zahnmedizinische Fachangestellte (ZFA).<\/p><\/li><li><p>Idealerweise bereits Erfahrung in der Prophylaxe oder eine abgeschlossene Fortbildung zur ZMP oder Dentalhygienikerin.<\/p><\/li><li><p>Eine positive und aufgeschlossene Denkweise sowie den Wunsch, sich langfristig in einem hilfsbereiten Team einzubringen.<\/p><\/li><li><p>Freude am Umgang mit Menschen und ein hohes Verantwortungsbewusstsein.<\/p><\/li><\/ul><p>Keine Sorge: Eine umfassende und strukturierte Einarbeitung ist f\u00fcr uns selbstverst\u00e4ndlich. Wir unterst\u00fctzen Sie beim Einstieg in unsere Praxissoftware und bei allen Fragen, die sich ergeben.<\/p><\/header>\t\t<\/div>\n\n\t\t\r\n\t\t\t\t<\/div><!-- .dslc-module -->\r\n\t\t<\/div><\/div><\/div>\r\n\t\t\t<div  class=\"dslc-modules-section \" style=\"padding-top:32px;padding-bottom:32px;\" data-section-id=\"2edba3b7cc2\">\r\n\t\t\t\t\r\n\t\t\t\t\r\n\t\t\t\t<div class=\"dslc-modules-section-wrapper dslc-clearfix\"><div  class=\"dslc-modules-area dslc-col dslc-12-col dslc-last-col dslc-valign-top \" data-size=\"12\" data-valign=\"top\" data-modules-area-id=\"\" ><style type=\"text\/css\" id=\"dslca-modules-area-\"><\/style>\r\n\t\t<div id=\"dslc-module-deec75ab0d8\" class=\"dslc-module-front dslc-module-DSLC_Text_Simple dslc-in-viewport-check dslc-in-viewport-anim-none  dslc-col dslc-12-col dslc-last-col  dslc-module-handle-like-regular \" data-module-id=\"deec75ab0d8\" data-module=\"DSLC_Text_Simple\" data-dslc-module-size=\"12\" data-dslc-anim=\"none\" data-dslc-anim-delay=\"0\" data-dslc-anim-duration=\"650\"  data-dslc-anim-easing=\"ease\" data-dslc-preset=\"none\" >\r\n\r\n\t\t\t\r\n\t\t\t\r\n\t\t\n\t\t<div class=\"dslc-text-module-content\">\n\t\t\t<header class=\"entry-header\"><h3><b>Was Sie bei uns erwartet<\/b><\/h3><p>Kennen Sie das Gef\u00fchl von Stress durch fehlende Organisation, mangelnde Wertsch\u00e4tzung oder schlechte Stimmung im Team? Bei uns ist das anders. Wir bieten Ihnen ein Umfeld, in dem Sie gerne zur Arbeit kommen.<\/p><\/header>\t\t<\/div>\n\n\t\t\r\n\t\t\t\t<\/div><!-- .dslc-module -->\r\n\t\t<\/div><\/div><\/div>\r\n\t\t\t<div  class=\"dslc-modules-section \" style=\"margin-bottom:75px;padding-top:0px;padding-bottom:0px;\" data-section-id=\"35onpffo5o\">\r\n\t\t\t\t\r\n\t\t\t\t\r\n\t\t\t\t<div class=\"dslc-modules-section-wrapper dslc-clearfix\"><div  class=\"dslc-modules-area dslc-col dslc-12-col dslc-last-col dslc-valign- \" data-size=\"12\" data-valign=\"\" data-modules-area-id=\"\" ><style type=\"text\/css\" id=\"dslca-modules-area-\"><\/style>\r\n\t\t<div id=\"dslc-module-nlr9v4oh9gk\" class=\"dslc-module-front dslc-module-DSLC_Text_Simple dslc-in-viewport-check dslc-in-viewport-anim-none  dslc-col dslc-6-col  dslc-module-handle-like-regular \" data-module-id=\"nlr9v4oh9gk\" data-module=\"DSLC_Text_Simple\" data-dslc-module-size=\"6\" data-dslc-anim=\"none\" data-dslc-anim-delay=\"0\" data-dslc-anim-duration=\"650\"  data-dslc-anim-easing=\"ease\" data-dslc-preset=\"none\" >\r\n\r\n\t\t\t\r\n\t\t\t\r\n\t\t\n\t\t<div class=\"dslc-text-module-content\">\n\t\t\t<header class=\"entry-header\"><ul><li><p><b>Ein herzliches und wertsch\u00e4tzendes Team<\/b> <br>Erst in einem guten Team macht die Arbeit wirklich Spa\u00df. Wir leben ein offenes und freundliches Miteinander, bei dem jeder Einzelne gesehen und geh\u00f6rt wird.<\/p><\/li><li><p><b>Verl\u00e4ssliche und flexible Rahmenbedingungen<\/b> <br>Wir bieten Ihnen ein langfristiges Arbeitsverh\u00e4ltnis mit einer fairen Verg\u00fctung inklusive Weihnachtsgeld. Ihre Urlaubsplanung gestalten wir familiengerecht und flexibel.<\/p><\/li><\/ul><\/header>\t\t<\/div>\n\n\t\t\r\n\t\t\t\t<\/div><!-- .dslc-module -->\r\n\t\t\r\n\t\t<div id=\"dslc-module-266s5lrdngs\" class=\"dslc-module-front dslc-module-DSLC_Text_Simple dslc-in-viewport-check dslc-in-viewport-anim-none  dslc-col dslc-6-col dslc-last-col  dslc-module-handle-like-regular \" data-module-id=\"266s5lrdngs\" data-module=\"DSLC_Text_Simple\" data-dslc-module-size=\"6\" data-dslc-anim=\"none\" data-dslc-anim-delay=\"0\" data-dslc-anim-duration=\"650\"  data-dslc-anim-easing=\"ease\" data-dslc-preset=\"none\" >\r\n\r\n\t\t\t\r\n\t\t\t\r\n\t\t\n\t\t<div class=\"dslc-text-module-content\">\n\t\t\t<header class=\"entry-header\"><ul><li><p><b>Raum f\u00fcr Ihre Entwicklung<\/b> <br>Wir f\u00f6rdern Eigenverantwortung und schaffen Ihnen den Freiraum, sich sowohl beruflich als auch pers\u00f6nlich weiterzuentwickeln.<\/p><\/li><li><p><b>Ein moderner und patientenorientierter Arbeitsplatz<\/b> <br>Unser Ziel ist die bestm\u00f6gliche Behandlung f\u00fcr unsere Patienten vom Kind bis zum Senioren. Sie arbeiten in einer modern ausgestatteten Praxis mit einem breiten Behandlungsspektrum.<\/p><\/li><\/ul><\/header>\t\t<\/div>\n\n\t\t\r\n\t\t\t\t<\/div><!-- .dslc-module -->\r\n\t\t<\/div><\/div><\/div>\r\n\t\t\t<div  class=\"dslc-modules-section \" style=\"background-color:#a3d8e7;\" data-section-id=\"kr19bmhgat\">\r\n\t\t\t\t\r\n\t\t\t\t\r\n\t\t\t\t<div class=\"dslc-modules-section-wrapper dslc-clearfix\"><div  class=\"dslc-modules-area dslc-col dslc-12-col dslc-last-col dslc-valign- \" data-size=\"12\" data-valign=\"\" data-modules-area-id=\"\" ><style type=\"text\/css\" id=\"dslca-modules-area-\"><\/style>\r\n\t\t<div id=\"dslc-module-jr3cjkq7ti\" class=\"dslc-module-front dslc-module-DSLC_Text_Simple dslc-in-viewport-check dslc-in-viewport-anim-none  dslc-col dslc-12-col dslc-last-col  dslc-module-handle-like-regular \" data-module-id=\"jr3cjkq7ti\" data-module=\"DSLC_Text_Simple\" data-dslc-module-size=\"12\" data-dslc-anim=\"none\" data-dslc-anim-delay=\"0\" data-dslc-anim-duration=\"650\"  data-dslc-anim-easing=\"ease\" data-dslc-preset=\"none\" >\r\n\r\n\t\t\t\r\n\t\t\t\r\n\t\t\n\t\t<div class=\"dslc-text-module-content\">\n\t\t\t<header class=\"entry-header\"><h3><b>Ihr einfacher Weg zu uns<\/b><\/h3><p>Sie sind interessiert? Dann \u00fcberzeugen Sie sich selbst und lernen Sie uns in einem pers\u00f6nlichen Gespr\u00e4ch kennen.<\/p><p>Ihre Bewerbung behandeln wir selbstverst\u00e4ndlich absolut vertraulich. Ein erstes Kennenlerngespr\u00e4ch ist gerne auch nach Feierabend m\u00f6glich, damit Sie in Ruhe mit uns sprechen k\u00f6nnen.<\/p><p>Melden Sie sich einfach telefonisch oder per E-Mail f\u00fcr einen ersten Austausch.<\/p><p><b>Wir freuen uns darauf, von Ihnen zu h\u00f6ren!<\/b><\/p><\/header>\t\t<\/div>\n\n\t\t\r\n\t\t\t\t<\/div><!-- .dslc-module -->\r\n\t\t\r\n\t\t<div id=\"dslc-module-qke54suqicc\" class=\"dslc-module-front dslc-module-DSLC_Button dslc-in-viewport-check dslc-in-viewport-anim-none  dslc-col dslc-12-col dslc-last-col  dslc-module-handle-like-regular \" data-module-id=\"qke54suqicc\" data-module=\"DSLC_Button\" data-dslc-module-size=\"12\" data-dslc-anim=\"none\" data-dslc-anim-delay=\"0\" data-dslc-anim-duration=\"650\"  data-dslc-anim-easing=\"ease\" data-dslc-preset=\"none\" >\r\n\r\n\t\t\t\r\n\t\t\t\r\n\t\t\r\n\t\t\t<div class=\"dslc-button\">\r\n\t\t\t\t\t\t\t\t\t<a href=\"mailto:smile@zahnarzt-zehrfeld.de\" target=\"_blank\"  onClick=\"\" class=\"\">\r\n\t\t\t\t\t\t\t\t\t\t\t\t\t\t\t\t\t\t\t\t\t<span class=\"dslc-icon dslc-icon-chevron-right\"><\/span>\t\r\n\t\t\t\t\t\t\t\t\t\t\t\t\t\t\t\t\t\t\t\t\t\t\t\t\t\t<span>JETZT BEWERBEN<\/span>\r\n\t\t\t\t\t\t\t\t\t\t\t\t\t\t\t\t\t<\/a>\r\n\t\t\t\t\t\t\t<\/div><!-- .dslc-button -->\r\n\r\n\r\n\t\t\t\t\t\t\r\n\t\t\t\t<\/div><!-- .dslc-module -->\r\n\t\t<\/div><\/div><\/div><\/div><\/div>","protected":false},"excerpt":{"rendered":"<p>Werden Sie Teil unseres Teams.Gestalten Sie mit uns die Zukunft des L\u00e4chelns. Sie suchen nach einer beruflichen Ver\u00e4nderung, bei der Ihre Arbeit wirklich wertgesch\u00e4tzt wird? Sie w\u00fcnschen sich ein Arbeitsumfeld,&nbsp;[&hellip;]<\/p>\n","protected":false},"author":1,"featured_media":0,"parent":0,"menu_order":0,"comment_status":"closed","ping_status":"closed","template":"page-templates\/page_builder.php","meta":{"footnotes":""},"class_list":["post-904","page","type-page","status-publish","hentry","clearfix"],"_links":{"self":[{"href":"https:\/\/www.zahnarzt-zehrfeld.de\/index.php\/wp-json\/wp\/v2\/pages\/904","targetHints":{"allow":["GET"]}}],"collection":[{"href":"https:\/\/www.zahnarzt-zehrfeld.de\/index.php\/wp-json\/wp\/v2\/pages"}],"about":[{"href":"https:\/\/www.zahnarzt-zehrfeld.de\/index.php\/wp-json\/wp\/v2\/types\/page"}],"author":[{"embeddable":true,"href":"https:\/\/www.zahnarzt-zehrfeld.de\/index.php\/wp-json\/wp\/v2\/users\/1"}],"replies":[{"embeddable":true,"href":"https:\/\/www.zahnarzt-zehrfeld.de\/index.php\/wp-json\/wp\/v2\/comments?post=904"}],"version-history":[{"count":14,"href":"https:\/\/www.zahnarzt-zehrfeld.de\/index.php\/wp-json\/wp\/v2\/pages\/904\/revisions"}],"predecessor-version":[{"id":1004,"href":"https:\/\/www.zahnarzt-zehrfeld.de\/index.php\/wp-json\/wp\/v2\/pages\/904\/revisions\/1004"}],"wp:attachment":[{"href":"https:\/\/www.zahnarzt-zehrfeld.de\/index.php\/wp-json\/wp\/v2\/media?parent=904"}],"curies":[{"name":"wp","href":"https:\/\/api.w.org\/{rel}","templated":true}]}}